{"id":15,"date":"2014-11-11T11:14:30","date_gmt":"2014-11-11T11:14:30","guid":{"rendered":"http:\/\/anpsthemes.com\/constructo\/?page_id=15"},"modified":"2024-10-07T04:25:29","modified_gmt":"2024-10-07T01:25:29","slug":"contact-us","status":"publish","type":"page","link":"https:\/\/www.pixeratech.com\/en\/contact-us\/","title":{"rendered":"Contact us"},"content":{"rendered":"<p>[vc_row full_width=&#8221;stretch_row&#8221; css=&#8221;.vc_custom_1726781274102{background-image: url(http:\/\/www.pixeratech.com\/wp-content\/uploads\/2024\/09\/72a4666dac0af5c0b5bbae71723fba0f-2.jpg?id=839) !important;}&#8221;][vc_column][vc_empty_space height=&#8221;60px&#8221;][vc_custom_heading text=&#8221;Contact us&#8221; font_container=&#8221;tag:h1|text_align:center|color:%23ffffff&#8221; google_fonts=&#8221;font_family:Montserrat%3Aregular%2C700|font_style:700%20bold%20regular%3A700%3Anormal&#8221;][vc_empty_space height=&#8221;60px&#8221;][\/vc_column][\/vc_row][vc_row][vc_column width=&#8221;1\/2&#8243;][vc_empty_space][vc_empty_space][vc_column_text]<\/p>\n<h1 class=\"h1_size\">Contact us<\/h1>\n<p><strong>Head office<\/strong><\/p>\n<h5>T\u00fcrkiye<\/h5>\n<h5>Adress : BARI\u015e MAH. KO\u015eU YOLU CAD. ARGE VE \u0130NOVASYON B\u0130NASI S\u0130TES\u0130 NO: 26 \u0130\u00c7 KAPI NO: 39 41400 GEBZE \/ KOCAEL\u0130<\/h5>\n<h5>Phone : +90 262 503 53 23<\/h5>\n<h5><span class=\"elementor-icon-list-text\">Whatsapp +90 555 682 20 52<\/span><\/h5>\n<h5>E-mail : info@pixera.com.tr<\/h5>\n<p>[\/vc_column_text][vc_empty_space][vc_column_text]<strong>Sales Representatives<\/strong><\/p>\n<h5>\u0130spanya<\/h5>\n<h5>Representative : Miguel Angel Gago Sanchez<\/h5>\n<h5>Adress : Calle Reina Elionor 10 Valls, VALLS, Tarragona 43800<\/h5>\n<h5>Phone : +34 670 09 82 09<\/h5>\n<h5><span class=\"elementor-icon-list-text\">Whatsapp : <\/span>+34 670 09 82 09<\/h5>\n<h5>E-mail : gago.sanchez@pixera.com.tr<\/h5>\n<h5>Skype : gagom99@hotmail.es<\/h5>\n<h5>Web : <a href=\"https:\/\/www.inalcocompany.com\/\">inalcocompany.com<\/a><\/h5>\n<p>[\/vc_column_text][\/vc_column][vc_column width=&#8221;1\/2&#8243;][vc_empty_space][vc_column_text]<iframe loading=\"lazy\" style=\"border: 0;\" src=\"https:\/\/www.google.com\/maps\/embed?pb=!1m18!1m12!1m3!1d3020.6512963378195!2d29.461093415675414!3d40.791679640673586!2m3!1f0!2f0!3f0!3m2!1i1024!2i768!4f13.1!3m3!1m2!1s0x14cb2172da7249a3%3A0xe32128819867ca80!2sPixera%20Teknoloji!5e0!3m2!1str!2str!4v1644072686701!5m2!1str!2str\" width=\"600\" height=\"450\" allowfullscreen=\"allowfullscreen\"><\/iframe>[\/vc_column_text][vc_empty_space][\/vc_column][\/vc_row][vc_row full_width=&#8221;stretch_row&#8221; video_bg=&#8221;yes&#8221; video_bg_url=&#8221;https:\/\/www.youtube.com\/watch?v=FGGmLEWP3cg&#8221; css=&#8221;.vc_custom_1643968944775{margin-top: 35px !important;padding-top: 35px !important;padding-bottom: 35px !important;}&#8221;][vc_column]<h1 class='heading-middle  style-1'  style='color: #ffffff'><span>Contact us<\/span><\/h1>[vc_empty_space]\n<div class=\"wpcf7 no-js\" id=\"wpcf7-f1174-o2\" lang=\"en-US\" dir=\"ltr\" data-wpcf7-id=\"1174\">\n<div class=\"screen-reader-response\"><p role=\"status\" aria-live=\"polite\" aria-atomic=\"true\"><\/p> <ul><\/ul><\/div>\n<form action=\"\/en\/wp-json\/wp\/v2\/pages\/15#wpcf7-f1174-o2\" method=\"post\" class=\"wpcf7-form init\" aria-label=\"Contact form\" novalidate=\"novalidate\" data-status=\"init\">\n<div style=\"display: none;\">\n<input type=\"hidden\" name=\"_wpcf7\" value=\"1174\" \/>\n<input type=\"hidden\" name=\"_wpcf7_version\" value=\"6.0.6\" \/>\n<input type=\"hidden\" name=\"_wpcf7_locale\" value=\"en_US\" \/>\n<input type=\"hidden\" name=\"_wpcf7_unit_tag\" value=\"wpcf7-f1174-o2\" \/>\n<input type=\"hidden\" name=\"_wpcf7_container_post\" value=\"0\" \/>\n<input type=\"hidden\" name=\"_wpcf7_posted_data_hash\" value=\"\" \/>\n<\/div>\n<div class=\"col-sm-5 noleftpadding\">\n\t<p><span class=\"wpcf7-form-control-wrap\" data-name=\"your-name\"><input size=\"40\" maxlength=\"400\" class=\"wpcf7-form-control wpcf7-text wpcf7-validates-as-required\" aria-required=\"true\" aria-invalid=\"false\" placeholder=\"NAME*\" value=\"\" type=\"text\" name=\"your-name\" \/><\/span>\n\t<\/p>\n\t<p><span class=\"wpcf7-form-control-wrap\" data-name=\"your-subject\"><input size=\"40\" maxlength=\"400\" class=\"wpcf7-form-control wpcf7-text\" aria-invalid=\"false\" placeholder=\"SUBJECT*\" value=\"\" type=\"text\" name=\"your-subject\" \/><\/span>\n\t<\/p>\n\t<p><span class=\"wpcf7-form-control-wrap\" data-name=\"your-email\"><input size=\"40\" maxlength=\"400\" class=\"wpcf7-form-control wpcf7-email wpcf7-validates-as-required wpcf7-text wpcf7-validates-as-email\" aria-required=\"true\" aria-invalid=\"false\" placeholder=\"E-MA\u0130L*\" value=\"\" type=\"email\" name=\"your-email\" \/><\/span>\n\t<\/p>\n<\/div>\n<div class=\"col-sm-7 norightpadding\">\n\t<p><span class=\"wpcf7-form-control-wrap\" data-name=\"your-message\"><textarea cols=\"25\" rows=\"3\" maxlength=\"2000\" class=\"wpcf7-form-control wpcf7-textarea\" aria-invalid=\"false\" placeholder=\"MESSAGE*\" name=\"your-message\"><\/textarea><\/span>\n\t<\/p>\n\t<p><input class=\"wpcf7-form-control wpcf7-submit has-spinner\" type=\"submit\" value=\"SEND MESSAGE\" \/>\n\t<\/p>\n<\/div><div class=\"wpcf7-response-output\" aria-hidden=\"true\"><\/div>\n<\/form>\n<\/div>\n[\/vc_column][\/vc_row]<\/p>","protected":false},"excerpt":{"rendered":"<p>[vc_row full_width=&#8221;stretch_row&#8221; css=&#8221;.vc_custom_1726781274102{background-image: url(http:\/\/www.pixeratech.com\/wp-content\/uploads\/2024\/09\/72a4666dac0af5c0b5bbae71723fba0f-2.jpg?id=839) !important;}&#8221;][vc_column][vc_empty_space height=&#8221;60px&#8221;][vc_custom_heading text=&#8221;Contact us&#8221; font_container=&#8221;tag:h1|text_align:center|color:%23ffffff&#8221; google_fonts=&#8221;font_family:Montserrat%3Aregular%2C700|font_style:700%20bold%20regular%3A700%3Anormal&#8221;][vc_empty_space height=&#8221;60px&#8221;][\/vc_column][\/vc_row][vc_row][vc_column width=&#8221;1\/2&#8243;][vc_empty_space][vc_empty_space][vc_column_text] Contact us Head office T\u00fcrkiye Adress : BARI\u015e MAH. KO\u015eU YOLU CAD. ARGE VE \u0130NOVASYON B\u0130NASI S\u0130TES\u0130 NO: 26 \u0130\u00c7 KAPI NO: 39 41400 GEBZE \/ KOCAEL\u0130 Phone&#8230;<\/p>\n","protected":false},"author":1,"featured_media":0,"parent":0,"menu_order":0,"comment_status":"open","ping_status":"open","template":"","meta":{"pgc_sgb_lightbox_settings":"","footnotes":""},"class_list":["post-15","page","type-page","status-publish","hentry"],"_links":{"self":[{"href":"https:\/\/www.pixeratech.com\/en\/wp-json\/wp\/v2\/pages\/15"}],"collection":[{"href":"https:\/\/www.pixeratech.com\/en\/wp-json\/wp\/v2\/pages"}],"about":[{"href":"https:\/\/www.pixeratech.com\/en\/wp-json\/wp\/v2\/types\/page"}],"author":[{"embeddable":true,"href":"https:\/\/www.pixeratech.com\/en\/wp-json\/wp\/v2\/users\/1"}],"replies":[{"embeddable":true,"href":"https:\/\/www.pixeratech.com\/en\/wp-json\/wp\/v2\/comments?post=15"}],"version-history":[{"count":6,"href":"https:\/\/www.pixeratech.com\/en\/wp-json\/wp\/v2\/pages\/15\/revisions"}],"predecessor-version":[{"id":1177,"href":"https:\/\/www.pixeratech.com\/en\/wp-json\/wp\/v2\/pages\/15\/revisions\/1177"}],"wp:attachment":[{"href":"https:\/\/www.pixeratech.com\/en\/wp-json\/wp\/v2\/media?parent=15"}],"curies":[{"name":"wp","href":"https:\/\/api.w.org\/{rel}","templated":true}]}}